{"id":198,"date":"2023-08-23T12:36:41","date_gmt":"2023-08-23T15:36:41","guid":{"rendered":"https:\/\/mpcetran.com.br\/?page_id=198"},"modified":"2023-08-25T11:56:20","modified_gmt":"2023-08-25T14:56:20","slug":"artigos","status":"publish","type":"page","link":"https:\/\/mpcetran.com.br\/?page_id=198","title":{"rendered":"Artigos"},"content":{"rendered":"\t\t<div data-elementor-type=\"wp-page\" data-elementor-id=\"198\" class=\"elementor elementor-198\" data-elementor-post-type=\"page\">\n\t\t\t\t\t\t\t\t\t<section class=\"elementor-section elementor-top-section elementor-element elementor-element-3604bab3 elementor-section-boxed elementor-section-height-default elementor-section-height-default\" data-id=\"3604bab3\" data-element_type=\"section\" data-settings=\"{&quot;background_background&quot;:&quot;classic&quot;}\">\n\t\t\t\t\t\t<div class=\"elementor-container elementor-column-gap-default\">\n\t\t\t\t\t<div class=\"elementor-column elementor-col-100 elementor-top-column elementor-element elementor-element-72ac2264\" data-id=\"72ac2264\" data-element_type=\"column\" data-settings=\"{&quot;background_background&quot;:&quot;classic&quot;}\">\n\t\t\t<div class=\"elementor-widget-wrap elementor-element-populated\">\n\t\t\t\t\t\t\t\t<div class=\"elementor-element elementor-element-4e0be53 elementor-grid-3 elementor-grid-tablet-2 elementor-grid-mobile-1 elementor-posts--thumbnail-top elementor-card-shadow-yes elementor-posts__hover-gradient load-more-align-center elementor-widget elementor-widget-posts\" data-id=\"4e0be53\" data-element_type=\"widget\" data-settings=\"{&quot;pagination_type&quot;:&quot;load_more_on_click&quot;,&quot;cards_columns&quot;:&quot;3&quot;,&quot;cards_columns_tablet&quot;:&quot;2&quot;,&quot;cards_columns_mobile&quot;:&quot;1&quot;,&quot;cards_row_gap&quot;:{&quot;unit&quot;:&quot;px&quot;,&quot;size&quot;:35,&quot;sizes&quot;:[]},&quot;cards_row_gap_tablet&quot;:{&quot;unit&quot;:&quot;px&quot;,&quot;size&quot;:&quot;&quot;,&quot;sizes&quot;:[]},&quot;cards_row_gap_mobile&quot;:{&quot;unit&quot;:&quot;px&quot;,&quot;size&quot;:&quot;&quot;,&quot;sizes&quot;:[]},&quot;load_more_spinner&quot;:{&quot;value&quot;:&quot;fas fa-spinner&quot;,&quot;library&quot;:&quot;fa-solid&quot;}}\" data-widget_type=\"posts.cards\">\n\t\t\t\t<div class=\"elementor-widget-container\">\n\t\t\t<link rel=\"stylesheet\" href=\"https:\/\/mpcetran.com.br\/wp-content\/plugins\/elementor-pro\/assets\/css\/widget-posts.min.css\">\t\t<div class=\"elementor-posts-container elementor-posts elementor-posts--skin-cards elementor-grid\">\n\t\t\t\t<article class=\"elementor-post elementor-grid-item post-558 post type-post status-publish format-standard has-post-thumbnail hentry category-habilitacao tag-agendamento-renovacao tag-cnh-vencida tag-detran-fortaleza tag-documentos-cnh tag-motoristas-fortaleza tag-renovacao-cnh-fortaleza tag-renovar-cnh tag-requisitos-renovacao tag-taxas-cnh tag-tempo-de-processamento\">\n\t\t\t<div class=\"elementor-post__card\">\n\t\t\t\t<a class=\"elementor-post__thumbnail__link\" href=\"https:\/\/mpcetran.com.br\/?p=558\" ><div class=\"elementor-post__thumbnail\"><img width=\"300\" height=\"169\" src=\"https:\/\/mpcetran.com.br\/wp-content\/uploads\/2024\/01\/cbqzg1c1msf29fzid3fwm94q7-300x169.jpg\" class=\"attachment-medium size-medium wp-image-559\" alt=\"\" decoding=\"async\" loading=\"lazy\" srcset=\"https:\/\/mpcetran.com.br\/wp-content\/uploads\/2024\/01\/cbqzg1c1msf29fzid3fwm94q7-300x169.jpg 300w, https:\/\/mpcetran.com.br\/wp-content\/uploads\/2024\/01\/cbqzg1c1msf29fzid3fwm94q7-768x431.jpg 768w, https:\/\/mpcetran.com.br\/wp-content\/uploads\/2024\/01\/cbqzg1c1msf29fzid3fwm94q7-150x85.jpg 150w, https:\/\/mpcetran.com.br\/wp-content\/uploads\/2024\/01\/cbqzg1c1msf29fzid3fwm94q7-600x337.jpg 600w, https:\/\/mpcetran.com.br\/wp-content\/uploads\/2024\/01\/cbqzg1c1msf29fzid3fwm94q7.jpg 906w\" sizes=\"(max-width: 300px) 100vw, 300px\" \/><\/div><\/a>\n\t\t\t\t<div class=\"elementor-post__badge\">Habilita\u00e7\u00e3o<\/div>\n\t\t\t\t<div class=\"elementor-post__text\">\n\t\t\t\t<h3 class=\"elementor-post__title\">\n\t\t\t<a href=\"https:\/\/mpcetran.com.br\/?p=558\" >\n\t\t\t\tComo renovar CNH em Fortaleza?\t\t\t<\/a>\n\t\t<\/h3>\n\t\t\t\t<div class=\"elementor-post__excerpt\">\n\t\t\t<p>Descubra como renovar sua CNH em Fortaleza de maneira f\u00e1cil e r\u00e1pida. Saiba os requisitos, prazos e agendamento. Mantenha sua CNH sempre em dia. Leia agora!<\/p>\n\t\t<\/div>\n\t\t\n\t\t<a class=\"elementor-post__read-more\" href=\"https:\/\/mpcetran.com.br\/?p=558\" aria-label=\"Read more about Como renovar CNH em Fortaleza?\" >\n\t\t\tLeia mais \u00bb\t\t<\/a>\n\n\t\t\t\t<\/div>\n\t\t\t\t\t<\/div>\n\t\t<\/article>\n\t\t\t\t<article class=\"elementor-post elementor-grid-item post-554 post type-post status-publish format-standard has-post-thumbnail hentry category-habilitacao tag-agendamento-renovacao tag-cnh-vencida tag-detran-fortaleza tag-documentos-cnh tag-motoristas-fortaleza tag-renovacao-cnh-fortaleza tag-renovar-cnh tag-requisitos-renovacao tag-taxas-cnh tag-tempo-de-processamento\">\n\t\t\t<div class=\"elementor-post__card\">\n\t\t\t\t<a class=\"elementor-post__thumbnail__link\" href=\"https:\/\/mpcetran.com.br\/?p=554\" ><div class=\"elementor-post__thumbnail\"><img width=\"300\" height=\"180\" src=\"https:\/\/mpcetran.com.br\/wp-content\/uploads\/2024\/01\/nova-cnh-capa-1024x613-1-300x180.jpg\" class=\"attachment-medium size-medium wp-image-555\" alt=\"\" decoding=\"async\" loading=\"lazy\" srcset=\"https:\/\/mpcetran.com.br\/wp-content\/uploads\/2024\/01\/nova-cnh-capa-1024x613-1-300x180.jpg 300w, https:\/\/mpcetran.com.br\/wp-content\/uploads\/2024\/01\/nova-cnh-capa-1024x613-1-768x460.jpg 768w, https:\/\/mpcetran.com.br\/wp-content\/uploads\/2024\/01\/nova-cnh-capa-1024x613-1-600x359.jpg 600w, https:\/\/mpcetran.com.br\/wp-content\/uploads\/2024\/01\/nova-cnh-capa-1024x613-1.jpg 1024w\" sizes=\"(max-width: 300px) 100vw, 300px\" \/><\/div><\/a>\n\t\t\t\t<div class=\"elementor-post__badge\">Habilita\u00e7\u00e3o<\/div>\n\t\t\t\t<div class=\"elementor-post__text\">\n\t\t\t\t<h3 class=\"elementor-post__title\">\n\t\t\t<a href=\"https:\/\/mpcetran.com.br\/?p=554\" >\n\t\t\t\tGuia completo para renovar CNH em Fortaleza\t\t\t<\/a>\n\t\t<\/h3>\n\t\t\t\t<div class=\"elementor-post__excerpt\">\n\t\t\t<p>Descubra como renovar sua CNH em Fortaleza de maneira f\u00e1cil e r\u00e1pida. Saiba os requisitos, prazos e agendamento. Mantenha sua CNH sempre em dia. Leia agora!<\/p>\n\t\t<\/div>\n\t\t\n\t\t<a class=\"elementor-post__read-more\" href=\"https:\/\/mpcetran.com.br\/?p=554\" aria-label=\"Read more about Guia completo para renovar CNH em Fortaleza\" >\n\t\t\tLeia mais \u00bb\t\t<\/a>\n\n\t\t\t\t<\/div>\n\t\t\t\t\t<\/div>\n\t\t<\/article>\n\t\t\t\t<article class=\"elementor-post elementor-grid-item post-551 post type-post status-publish format-standard has-post-thumbnail hentry category-habilitacao tag-carteira-de-motorista tag-cnh-digital tag-cnh-digital-em-smartphone tag-cnh-digital-requisitos tag-detran tag-documentos-digitais tag-habilitacao-eletronica tag-identificacao-digital tag-motoristas-brasileiros tag-validez-da-cnh-digital\">\n\t\t\t<div class=\"elementor-post__card\">\n\t\t\t\t<a class=\"elementor-post__thumbnail__link\" href=\"https:\/\/mpcetran.com.br\/?p=551\" ><div class=\"elementor-post__thumbnail\"><img width=\"300\" height=\"200\" src=\"https:\/\/mpcetran.com.br\/wp-content\/uploads\/2024\/01\/modelo-novo-da-cnh-carteira-nacional-de-habilitacao-aplicativo-carteira-digital-de-transito-com-jovem-segurando-celular-732x488-1-300x200.webp\" class=\"attachment-medium size-medium wp-image-552\" alt=\"\" decoding=\"async\" loading=\"lazy\" srcset=\"https:\/\/mpcetran.com.br\/wp-content\/uploads\/2024\/01\/modelo-novo-da-cnh-carteira-nacional-de-habilitacao-aplicativo-carteira-digital-de-transito-com-jovem-segurando-celular-732x488-1-300x200.webp 300w, https:\/\/mpcetran.com.br\/wp-content\/uploads\/2024\/01\/modelo-novo-da-cnh-carteira-nacional-de-habilitacao-aplicativo-carteira-digital-de-transito-com-jovem-segurando-celular-732x488-1-600x400.webp 600w, https:\/\/mpcetran.com.br\/wp-content\/uploads\/2024\/01\/modelo-novo-da-cnh-carteira-nacional-de-habilitacao-aplicativo-carteira-digital-de-transito-com-jovem-segurando-celular-732x488-1.webp 732w\" sizes=\"(max-width: 300px) 100vw, 300px\" \/><\/div><\/a>\n\t\t\t\t<div class=\"elementor-post__badge\">Habilita\u00e7\u00e3o<\/div>\n\t\t\t\t<div class=\"elementor-post__text\">\n\t\t\t\t<h3 class=\"elementor-post__title\">\n\t\t\t<a href=\"https:\/\/mpcetran.com.br\/?p=551\" >\n\t\t\t\tO que \u00e9 a CNH digital e como funciona?\t\t\t<\/a>\n\t\t<\/h3>\n\t\t\t\t<div class=\"elementor-post__excerpt\">\n\t\t\t<p>Descubra como a CNH Digital funciona e seus benef\u00edcios. Saiba como obter a CNH Digital e simplificar sua vida como motorista. Tudo sobre CNH digital.<\/p>\n\t\t<\/div>\n\t\t\n\t\t<a class=\"elementor-post__read-more\" href=\"https:\/\/mpcetran.com.br\/?p=551\" aria-label=\"Read more about O que \u00e9 a CNH digital e como funciona?\" >\n\t\t\tLeia mais \u00bb\t\t<\/a>\n\n\t\t\t\t<\/div>\n\t\t\t\t\t<\/div>\n\t\t<\/article>\n\t\t\t\t<article class=\"elementor-post elementor-grid-item post-541 post type-post status-publish format-standard has-post-thumbnail hentry category-habilitacao tag-aulas-praticas tag-aulas-teoricas tag-avaliacao-final tag-carga-horaria tag-carteira-nacional-de-habilitacao tag-certificado-de-conclusao tag-curso-de-reciclagem tag-historico-de-transito tag-infracoes-de-transito tag-leis-de-transito tag-motoristas tag-multa tag-pontos-na-carteira tag-reciclagem-da-cnh tag-regularizacao tag-seguranca-nas-vias tag-suspensao-da-cnh\">\n\t\t\t<div class=\"elementor-post__card\">\n\t\t\t\t<a class=\"elementor-post__thumbnail__link\" href=\"https:\/\/mpcetran.com.br\/?p=541\" ><div class=\"elementor-post__thumbnail\"><img width=\"300\" height=\"225\" src=\"https:\/\/mpcetran.com.br\/wp-content\/uploads\/2024\/01\/reciclagem-cnh.jpg-300x225.webp\" class=\"attachment-medium size-medium wp-image-542\" alt=\"\" decoding=\"async\" loading=\"lazy\" srcset=\"https:\/\/mpcetran.com.br\/wp-content\/uploads\/2024\/01\/reciclagem-cnh.jpg-300x225.webp 300w, https:\/\/mpcetran.com.br\/wp-content\/uploads\/2024\/01\/reciclagem-cnh.jpg-768x576.webp 768w, https:\/\/mpcetran.com.br\/wp-content\/uploads\/2024\/01\/reciclagem-cnh.jpg-600x450.webp 600w, https:\/\/mpcetran.com.br\/wp-content\/uploads\/2024\/01\/reciclagem-cnh.jpg.webp 1000w\" sizes=\"(max-width: 300px) 100vw, 300px\" \/><\/div><\/a>\n\t\t\t\t<div class=\"elementor-post__badge\">Habilita\u00e7\u00e3o<\/div>\n\t\t\t\t<div class=\"elementor-post__text\">\n\t\t\t\t<h3 class=\"elementor-post__title\">\n\t\t\t<a href=\"https:\/\/mpcetran.com.br\/?p=541\" >\n\t\t\t\tTudo o que voc\u00ea precisa saber sobre reciclagem da CNH\t\t\t<\/a>\n\t\t<\/h3>\n\t\t\t\t<div class=\"elementor-post__excerpt\">\n\t\t\t<p>Descubra tudo sobre a CNH reciclagem: por que, como, e quais consequ\u00eancias. Saiba mais neste guia completo. <\/p>\n\t\t<\/div>\n\t\t\n\t\t<a class=\"elementor-post__read-more\" href=\"https:\/\/mpcetran.com.br\/?p=541\" aria-label=\"Read more about Tudo o que voc\u00ea precisa saber sobre reciclagem da CNH\" >\n\t\t\tLeia mais \u00bb\t\t<\/a>\n\n\t\t\t\t<\/div>\n\t\t\t\t\t<\/div>\n\t\t<\/article>\n\t\t\t\t<article class=\"elementor-post elementor-grid-item post-545 post type-post status-publish format-standard has-post-thumbnail hentry category-habilitacao tag-cnh-categoria-b tag-custos-cnh tag-documentos-cnh tag-fortaleza tag-obtencao-cnh tag-penalidades-cnh tag-renovacao-cnh tag-requisitos-cnh tag-restricoes-cnh tag-transito-fortaleza\">\n\t\t\t<div class=\"elementor-post__card\">\n\t\t\t\t<a class=\"elementor-post__thumbnail__link\" href=\"https:\/\/mpcetran.com.br\/?p=545\" ><div class=\"elementor-post__thumbnail\"><img width=\"300\" height=\"200\" src=\"https:\/\/mpcetran.com.br\/wp-content\/uploads\/2024\/01\/cnh-768x513-1-300x200.jpg\" class=\"attachment-medium size-medium wp-image-546\" alt=\"\" decoding=\"async\" loading=\"lazy\" srcset=\"https:\/\/mpcetran.com.br\/wp-content\/uploads\/2024\/01\/cnh-768x513-1-300x200.jpg 300w, https:\/\/mpcetran.com.br\/wp-content\/uploads\/2024\/01\/cnh-768x513-1-600x401.jpg 600w, https:\/\/mpcetran.com.br\/wp-content\/uploads\/2024\/01\/cnh-768x513-1.jpg 768w\" sizes=\"(max-width: 300px) 100vw, 300px\" \/><\/div><\/a>\n\t\t\t\t<div class=\"elementor-post__badge\">Habilita\u00e7\u00e3o<\/div>\n\t\t\t\t<div class=\"elementor-post__text\">\n\t\t\t\t<h3 class=\"elementor-post__title\">\n\t\t\t<a href=\"https:\/\/mpcetran.com.br\/?p=545\" >\n\t\t\t\tCNH categoria B: tudo o que voc\u00ea precisa saber\u00a0\t\t\t<\/a>\n\t\t<\/h3>\n\t\t\t\t<div class=\"elementor-post__excerpt\">\n\t\t\t<p>Descubra como obter e renovar sua CNH categoria B em Fortaleza. Saiba todos os detalhes, requisitos e custos. Garanta sua habilita\u00e7\u00e3o com seguran\u00e7a!<\/p>\n\t\t<\/div>\n\t\t\n\t\t<a class=\"elementor-post__read-more\" href=\"https:\/\/mpcetran.com.br\/?p=545\" aria-label=\"Read more about CNH categoria B: tudo o que voc\u00ea precisa saber\u00a0\" >\n\t\t\tLeia mais \u00bb\t\t<\/a>\n\n\t\t\t\t<\/div>\n\t\t\t\t\t<\/div>\n\t\t<\/article>\n\t\t\t\t<article class=\"elementor-post elementor-grid-item post-548 post type-post status-publish format-standard has-post-thumbnail hentry category-habilitacao tag-aulas-praticas-motocicleta tag-cnh-categoria-a tag-cnh-em-fortaleza tag-custos-habilitacao-moto tag-detran-fortaleza tag-exame-teorico-moto tag-habilitacao-para-motocicletas tag-pilotagem-defensiva tag-processo-cnh-categoria-a tag-requisitos-cnh-a\">\n\t\t\t<div class=\"elementor-post__card\">\n\t\t\t\t<a class=\"elementor-post__thumbnail__link\" href=\"https:\/\/mpcetran.com.br\/?p=548\" ><div class=\"elementor-post__thumbnail\"><img width=\"300\" height=\"163\" src=\"https:\/\/mpcetran.com.br\/wp-content\/uploads\/2024\/01\/img125589-1514992189-v653x354-300x163.jpg\" class=\"attachment-medium size-medium wp-image-549\" alt=\"\" decoding=\"async\" loading=\"lazy\" srcset=\"https:\/\/mpcetran.com.br\/wp-content\/uploads\/2024\/01\/img125589-1514992189-v653x354-300x163.jpg 300w, https:\/\/mpcetran.com.br\/wp-content\/uploads\/2024\/01\/img125589-1514992189-v653x354-600x325.jpg 600w, https:\/\/mpcetran.com.br\/wp-content\/uploads\/2024\/01\/img125589-1514992189-v653x354.jpg 653w\" sizes=\"(max-width: 300px) 100vw, 300px\" \/><\/div><\/a>\n\t\t\t\t<div class=\"elementor-post__badge\">Habilita\u00e7\u00e3o<\/div>\n\t\t\t\t<div class=\"elementor-post__text\">\n\t\t\t\t<h3 class=\"elementor-post__title\">\n\t\t\t<a href=\"https:\/\/mpcetran.com.br\/?p=548\" >\n\t\t\t\tCNH Categoria A: tudo o que voc\u00ea precisa saber\t\t\t<\/a>\n\t\t<\/h3>\n\t\t\t\t<div class=\"elementor-post__excerpt\">\n\t\t\t<p>Descubra tudo sobre a CNH Categoria A e como pilotar motocicletas em Fortaleza. Requisitos, custos e processo. Leia agora!<\/p>\n\t\t<\/div>\n\t\t\n\t\t<a class=\"elementor-post__read-more\" href=\"https:\/\/mpcetran.com.br\/?p=548\" aria-label=\"Read more about CNH Categoria A: tudo o que voc\u00ea precisa saber\" >\n\t\t\tLeia mais \u00bb\t\t<\/a>\n\n\t\t\t\t<\/div>\n\t\t\t\t\t<\/div>\n\t\t<\/article>\n\t\t\t\t<\/div>\n\t\t\t\t\t<span class=\"e-load-more-spinner\">\n\t\t\t\t<i aria-hidden=\"true\" class=\"fas fa-spinner\"><\/i>\t\t\t<\/span>\n\t\t\n\t\t\t\t<div class=\"e-load-more-anchor\" data-page=\"1\" data-max-page=\"3\" data-next-page=\"https:\/\/mpcetran.com.br\/index.php?rest_route=%2Fwp%2Fv2%2Fpages%2F198&#038;paged=2\"><\/div>\n\t\t\t\t<div class=\"elementor-button-wrapper\">\n\t\t\t<a href=\"#\" class=\"elementor-button-link elementor-button\" role=\"button\">\n\t\t\t\t\t\t<span class=\"elementor-button-content-wrapper\">\n\t\t\t\t\t\t<span class=\"elementor-button-text\">Carregar mais<\/span>\n\t\t<\/span>\n\t\t\t\t\t<\/a>\n\t\t<\/div>\n\t\t\t\t<div class=\"e-load-more-message\"><\/div>\n\t\t\t\t<\/div>\n\t\t\t\t<\/div>\n\t\t\t\t\t<\/div>\n\t\t<\/div>\n\t\t\t\t\t\t\t<\/div>\n\t\t<\/section>\n\t\t\t\t\t\t\t<\/div>\n\t\t","protected":false},"excerpt":{"rendered":"","protected":false},"author":2,"featured_media":0,"parent":0,"menu_order":0,"comment_status":"closed","ping_status":"closed","template":"elementor_header_footer","meta":[],"_links":{"self":[{"href":"https:\/\/mpcetran.com.br\/index.php?rest_route=\/wp\/v2\/pages\/198"}],"collection":[{"href":"https:\/\/mpcetran.com.br\/index.php?rest_route=\/wp\/v2\/pages"}],"about":[{"href":"https:\/\/mpcetran.com.br\/index.php?rest_route=\/wp\/v2\/types\/page"}],"author":[{"embeddable":true,"href":"https:\/\/mpcetran.com.br\/index.php?rest_route=\/wp\/v2\/users\/2"}],"replies":[{"embeddable":true,"href":"https:\/\/mpcetran.com.br\/index.php?rest_route=%2Fwp%2Fv2%2Fcomments&post=198"}],"version-history":[{"count":46,"href":"https:\/\/mpcetran.com.br\/index.php?rest_route=\/wp\/v2\/pages\/198\/revisions"}],"predecessor-version":[{"id":454,"href":"https:\/\/mpcetran.com.br\/index.php?rest_route=\/wp\/v2\/pages\/198\/revisions\/454"}],"wp:attachment":[{"href":"https:\/\/mpcetran.com.br\/index.php?rest_route=%2Fwp%2Fv2%2Fmedia&parent=198"}],"curies":[{"name":"wp","href":"https:\/\/api.w.org\/{rel}","templated":true}]}}